{"id":5751,"date":"2024-07-15T06:01:48","date_gmt":"2024-07-15T06:01:48","guid":{"rendered":"https:\/\/sullana-cigaretten.ch\/produkt\/tubac-da-rullar-sullana-ferm-80g\/"},"modified":"2024-09-16T08:59:44","modified_gmt":"2024-09-16T08:59:44","slug":"tubac-da-rullar-sullana-ferm-80g","status":"publish","type":"product","link":"https:\/\/sullana-cigaretten.ch\/rum\/produkt\/tubac-da-rullar-sullana-ferm-80g\/","title":{"rendered":"Tubac da rullar Sullana ferm 80g"},"content":{"rendered":"<p>Il tabac da rullar Sullana \u00ablila\u00bb es la suletta mescladra Sullana senza il caracteristic P\u00e9r\u00e9mochez-tabac.<br \/>\nLa mescladra equilibrada da Burley e Virginia stat en si gust tranter il tabac da rullar standard (gelg) e il tabac da rullar lev (alv).<br \/>\nIn ina mescladra exclusiva fa la fabbrica da tabac Roth da Beinwil am See (AG) il tabac da rullar Sullana \u00abLila\u00bb per la Sullana.<\/p>\n<p>Sco tuts ils products Sullana, il tabac da rullar \u00ablila\u00bb \u00e8 fatg 100% da tabac cultiv\u00e0 qu\u00ec e na cuntegna nagins additivs.<\/p>\n","protected":false},"excerpt":{"rendered":"<p>Tubac da rullar Sullana ferm 80g<\/p>\n<p>tubac local \u2013 produc\u00ec en moda gista \u2013 nagins aditivs<\/p>\n","protected":false},"featured_media":5728,"template":"","meta":[],"product_brand":[],"product_cat":[142],"product_tag":[145,144],"class_list":{"0":"post-5751","1":"product","2":"type-product","3":"status-publish","4":"has-post-thumbnail","6":"product_cat-tubac-da-rullar","7":"product_tag-drehtabak-rum","8":"product_tag-sullana-rum","9":"product_shipping_class-svizra","11":"first","12":"instock","13":"taxable","14":"shipping-taxable","15":"purchasable","16":"product-type-simple"},"_links":{"self":[{"href":"https:\/\/sullana-cigaretten.ch\/rum\/wp-json\/wp\/v2\/product\/5751","targetHints":{"allow":["GET"]}}],"collection":[{"href":"https:\/\/sullana-cigaretten.ch\/rum\/wp-json\/wp\/v2\/product"}],"about":[{"href":"https:\/\/sullana-cigaretten.ch\/rum\/wp-json\/wp\/v2\/types\/product"}],"wp:featuredmedia":[{"embeddable":true,"href":"https:\/\/sullana-cigaretten.ch\/rum\/wp-json\/wp\/v2\/media\/5728"}],"wp:attachment":[{"href":"https:\/\/sullana-cigaretten.ch\/rum\/wp-json\/wp\/v2\/media?parent=5751"}],"wp:term":[{"taxonomy":"product_brand","embeddable":true,"href":"https:\/\/sullana-cigaretten.ch\/rum\/wp-json\/wp\/v2\/product_brand?post=5751"},{"taxonomy":"product_cat","embeddable":true,"href":"https:\/\/sullana-cigaretten.ch\/rum\/wp-json\/wp\/v2\/product_cat?post=5751"},{"taxonomy":"product_tag","embeddable":true,"href":"https:\/\/sullana-cigaretten.ch\/rum\/wp-json\/wp\/v2\/product_tag?post=5751"}],"curies":[{"name":"wp","href":"https:\/\/api.w.org\/{rel}","templated":true}]}}