{"id":5825,"date":"2024-08-29T14:41:14","date_gmt":"2024-08-29T14:41:14","guid":{"rendered":"https:\/\/sullana-cigaretten.ch\/davart-nus\/"},"modified":"2024-08-29T14:41:15","modified_gmt":"2024-08-29T14:41:15","slug":"davart-nus","status":"publish","type":"page","link":"https:\/\/sullana-cigaretten.ch\/rum\/davart-nus\/","title":{"rendered":"Davart nus"},"content":{"rendered":"<div class=\"wpb-content-wrapper\"><p>[vc_row padding_bottom_multiplier=&#8221;3x&#8221; rc_bg_type=&#8221;color&#8221; rc_bg_color=&#8221;#fffdf4&#8243;][vc_column width=&#8221;1\/3&#8243;]<div class=\"eut-element eut-image eut-align-center\" style=\"\"><div class=\"eut-image-wrapper eut-popup-item\" style=\"max-width:1086px;\"><div class=\"eut-thumbnail-wrapper\"  style=\"max-width: 1086px;\"><div class=\"eut-thumbnail\"  style=\"padding-top: 147.33%;\"><img loading=\"lazy\" decoding=\"async\" width=\"1086\" height=\"1600\" src=\"https:\/\/sullana-cigaretten.ch\/wp-content\/uploads\/2020\/08\/sullana_ueber_uns.jpg\" class=\"attachment-full size-full\" alt=\"Sullana lokaler Tabak fair produziert ohne Zusatzstoffe\" data-eutf-filter=\"yes\" srcset=\"https:\/\/sullana-cigaretten.ch\/wp-content\/uploads\/2020\/08\/sullana_ueber_uns.jpg 1086w, https:\/\/sullana-cigaretten.ch\/wp-content\/uploads\/2020\/08\/sullana_ueber_uns-600x884.jpg 600w, https:\/\/sullana-cigaretten.ch\/wp-content\/uploads\/2020\/08\/sullana_ueber_uns-204x300.jpg 204w, https:\/\/sullana-cigaretten.ch\/wp-content\/uploads\/2020\/08\/sullana_ueber_uns-695x1024.jpg 695w, https:\/\/sullana-cigaretten.ch\/wp-content\/uploads\/2020\/08\/sullana_ueber_uns-768x1131.jpg 768w, https:\/\/sullana-cigaretten.ch\/wp-content\/uploads\/2020\/08\/sullana_ueber_uns-1043x1536.jpg 1043w\" sizes=\"auto, (max-width: 1086px) 100vw, 1086px\" \/><\/div><\/div>  <\/div><\/div>[\/vc_column][vc_column width=&#8221;2\/3&#8243;]<h1 class=\"eut-element eut-title eut-align-inherit eut-h3\" style=\"\"><span>DAVART NUS<\/span><\/h1>[vc_column_text]Stefano Pibiri (fimader)<br \/>\ne Beat Geier (nunfimader)<\/p>\n<p>L&#8217;emprim eran las cigarettas Sullana stadas pensadas sco acziun nostalgica e culturala: ina curta cumparsa rasanta d&#8217;in num emblid\u00e0. In&#8217;unica ediziun la pli pitschna pussaivla da Sullana en in emballadi usch\u00e8 antiqu\u00e0 sco pussaivel. Dentant suenter ch&#8217;ina collavuraziun cun la fabrica da tubac da \u00abHeimat\u00bb a Steinach al Lai da Constanza ha pir pussibilit\u00e0 la levada da la Sullana, n&#8217;ha nagut discurr\u00ec cunter da metter sin il martg\u00e0 ina cigaretta cun ina intenziun da gronda responsabladad.<\/p>\n<p>Il fundatur da \u00abHeimat\u00bb Roger Koch e sias collavuraturas e ses collavuraturs cartevan en l&#8217;idea e la laschan daventar vaira en lur fabrica: ina cigaretta, da la quala il tubac vegn mo cultiv\u00e0 en Svizra, vegn transportada mo paucs kilometers en il camiun en il clima chaud dal 21avel tschientaner. Almain na discurriva betg tut cunter quest plan. Abstrah\u00e0 da pretensiuns rigurusas cunter fimar en restaurants, bars e dapertut, nua che nus enconuschain il fimar da films vegls.<\/p>\n<p>Ma er il mainstream creescha in cuntercurrent. En quel siglia Sullana.<\/p>\n<p>Michel Casarramona, graficher e creader turitgais da la nova preschentaziun estetica da la Sullana porta il flair nostalgic da la marca en il preschent. Sin basa da la scrittira dals onns 1930 influenzada da l&#8217;art-d\u00e9co ha el cre\u00e0 la nova scrittira. Il logo da marcas sez, in maun furm\u00e0 da tschintg cigarettas, era st\u00e0 registr\u00e0 per l&#8217;emprima giada il settember 1932 en il register per proprietad intellectuala ed \u00e8 vegn\u00ec purt\u00e0 da Michel cun mo intervenziuns las pli delicatas en il preschent. Sullana represchenta ina detga purziun dal pass\u00e0 \u2013 Michel la dat ina fatscha.[\/vc_column_text][vc_column_text][\/vc_column_text][\/vc_column][\/vc_row][vc_row][vc_column width=&#8221;1\/3&#8243;][\/vc_column][vc_column width=&#8221;2\/3&#8243;]<h1 class=\"eut-element eut-title eut-align-inherit eut-h3\" style=\"\"><span>SPIEVEL DA LAS MEDIAS<\/span><\/h1>[vc_column_text]<a href=\"https:\/\/sullana-cigaretten.ch\/wp-content\/medienspiegel\/Tages_Anzeiger.jpg\" target=\"_blank\" rel=\"noopener\">Tagesanzeiger dals 4 da november 2020<\/a><br \/>\n<a href=\"https:\/\/sullana-cigaretten.ch\/wp-content\/medienspiegel\/Neue_Zu%CC%88rcher_Zeitung_20201113_Seite_15.pdf\" target=\"_blank\" rel=\"noopener\">NZZ dals 13 da november 2020<\/a><br \/>\n<a href=\"https:\/\/www.rts.ch\/info\/regions\/autres-cantons\/11947194-sullana-la-cigarette-suisse-qui-renait-de-ses-cendres.html\" target=\"_blank\" rel=\"noopener\">RTS dals 9 da favrer 2021<\/a>[\/vc_column_text][\/vc_column][\/vc_row]<\/p>\n<\/div>","protected":false},"excerpt":{"rendered":"<p>[vc_row padding_bottom_multiplier=&#8221;3x&#8221; rc_bg_type=&#8221;color&#8221; rc_bg_color=&#8221;#fffdf4&#8243;][vc_column width=&#8221;1\/3&#8243;][\/vc_column][vc_column width=&#8221;2\/3&#8243;][vc_column_text]Stefano Pibiri (fimader) e Beat Geier (nunfimader) L&#8217;emprim eran las cigarettas Sullana stadas pensadas sco acziun nostalgica e culturala: ina curta cumparsa rasanta d&#8217;in num emblid\u00e0. In&#8217;unica ediziun la pli pitschna pussaivla da Sullana en in emballadi usch\u00e8 antiqu\u00e0 sco pussaivel. Dentant suenter ch&#8217;ina collavuraziun cun la fabrica da tubac [&hellip;]<\/p>\n","protected":false},"author":1,"featured_media":0,"parent":0,"menu_order":0,"comment_status":"closed","ping_status":"open","template":"","meta":{"footnotes":""},"class_list":["post-5825","page","type-page","status-publish","hentry"],"_links":{"self":[{"href":"https:\/\/sullana-cigaretten.ch\/rum\/wp-json\/wp\/v2\/pages\/5825","targetHints":{"allow":["GET"]}}],"collection":[{"href":"https:\/\/sullana-cigaretten.ch\/rum\/wp-json\/wp\/v2\/pages"}],"about":[{"href":"https:\/\/sullana-cigaretten.ch\/rum\/wp-json\/wp\/v2\/types\/page"}],"author":[{"embeddable":true,"href":"https:\/\/sullana-cigaretten.ch\/rum\/wp-json\/wp\/v2\/users\/1"}],"replies":[{"embeddable":true,"href":"https:\/\/sullana-cigaretten.ch\/rum\/wp-json\/wp\/v2\/comments?post=5825"}],"version-history":[{"count":2,"href":"https:\/\/sullana-cigaretten.ch\/rum\/wp-json\/wp\/v2\/pages\/5825\/revisions"}],"predecessor-version":[{"id":5827,"href":"https:\/\/sullana-cigaretten.ch\/rum\/wp-json\/wp\/v2\/pages\/5825\/revisions\/5827"}],"wp:attachment":[{"href":"https:\/\/sullana-cigaretten.ch\/rum\/wp-json\/wp\/v2\/media?parent=5825"}],"curies":[{"name":"wp","href":"https:\/\/api.w.org\/{rel}","templated":true}]}}