{"id":5811,"date":"2024-08-29T14:20:32","date_gmt":"2024-08-29T14:20:32","guid":{"rendered":"https:\/\/sullana-cigaretten.ch\/sullana-pli-baud\/"},"modified":"2024-08-29T14:20:34","modified_gmt":"2024-08-29T14:20:34","slug":"sullana-pli-baud","status":"publish","type":"page","link":"https:\/\/sullana-cigaretten.ch\/rum\/sullana-pli-baud\/","title":{"rendered":"Sullana pli baud"},"content":{"rendered":"<div class=\"wpb-content-wrapper\"><p>[vc_row rc_bg_type=&#8221;color&#8221; rc_bg_color=&#8221;#fffdf4&#8243;][vc_column width=&#8221;2\/3&#8243; mobile_column_order=&#8221;2&#8243;]<h1 class=\"eut-element eut-title eut-align-inherit eut-h3\" style=\"\"><span>SULLANA PLI BAUD<\/span><\/h1><div class=\"eut-empty-space eut-height-2x\" style=\"\"><\/div>[vc_column_text css=&#8221;.vc_custom_1604494470337{padding-top: 4px !important;padding-right: 4px !important;padding-bottom: 4px !important;padding-left: 4px !important;background-color: #cecece !important;border-radius: 2px !important;}&#8221;]<\/p>\n<p style=\"text-align: center;\"><strong>Sullana tschertga regurdientschas<\/strong><\/p>\n<p style=\"text-align: center;\">As regurdais vus sezs da Sullana u avais vus enconusch\u00ec insatgi che ha fim\u00e0 Sullanas.<\/p>\n<p style=\"text-align: center;\">\u2026 mammas e babs, tattas e tats, augs ed ondas che fimavan? Avais vus forsa sezs lavur\u00e0 en la fabrica al Sihlquai turitgais u a Wetzikon a la Kastellstrasse?<\/p>\n<p style=\"text-align: center;\">Ans tramettai vossas regurdientschas \u2013 nus ans legrain da mintga istorgia!<\/p>\n<p style=\"text-align: center;\">Contact: hallo@sullana-cigaretten.ch, per telefon 076 577 26 24 u per posta: Sullana ScRL, M\u00fcllerstrasse 34, 8004 Turitg<\/p>\n<p>[\/vc_column_text]<div class=\"eut-empty-space eut-height-2x\" style=\"\"><\/div>[vc_column_text]L&#8217;onn 1916 ha Feiwel \u2013 numn\u00e0 Philipp \u2013 Beer fund\u00e0 sia fabrica da cigarettas a la Badenerstrasse a Turitg. Alura sa numnava ella anc fabrica da cigarettas \u00abUnion\u00bb. Sia paletta da products consistiva da tals nums entusiasmads sco Hera, P\u00e9ra, Apollon, Stamboul e Byzanz. Ils onns 1920 \u00e8 la fabrica da cigarettas Beer transferida en la fabrica che stat anc oz al Silquai turitgais. L&#8217;onn 1930 \u00e8 Sullana vegnida sin il martg\u00e0 sco sorta da cigarettas da la fabrica da Beer ed era usch\u00e8 populara che \u2013 cura che la Beer &amp; Cie \u00e8 l&#8217;onn 1939 vegnida transfurmada en ina societad anonima \u2013 \u00e8 naschida la Sullana SA. Ils onns 1930 fin 1950 fascheva Sullana reclama sco la cigaretta dad 1 franc la pli vendida da la Svizra. La pitschna fabrica al Silquai turitgais ha export\u00e0 en l&#8217;entir mund. Las \u00abCigarettes Orientales\u00bb, cigarettas cun tubac oriental, duevan garantir per il meglier gust. La sorta P\u00e9r\u00e9mochez, in tubac oriental cultiv\u00e0 en Svizra, furma er la differenza da gust caracteristica da la nova maschaida da tubac Sullana.<\/p>\n<p>In&#8217;ultima perditga dal temp, ch&#8217;\u00e8 l&#8217;onn 1950 entr\u00e0 sco emprendist en la Sullana, sa regorda d&#8217;in schef da caracter, ch&#8217;era tar las collavuraturas ed ils collavuraturs tant tem\u00ec per sias lunas sco er admir\u00e0 per muments spontans da la beneficenza. A la cumpra d&#8217;in emprim vehichel plunader da manevrar a maun tras il figl Daniel da Feiwel Beer duai el avair reag\u00ec cun l&#8217;exclamaziun: \u00abNus n&#8217;essan betg qua a l&#8217;Escher Wyss!\u00bb ed empustaziuns sajan da far per posta e betg cun in telefon da quella giada char.<\/p>\n<p>L&#8217;onn 1967 \u00e8 SULLANA transferida a Wetzikon (ZH) ed ha tranter auter stgaff\u00ec in num sco fabrica, en las hallas da la quala pendevan ovras d&#8217;art contemporan cumpradas da giuvnas artistas e giuvens artists. Sur ils chaus da las collavuraturas ed dals collavuraturs han quellas obtegn\u00ec successivamain dapli valur.<\/p>\n<p>La cultura da \u00abl&#8217;art en la fabrica\u00bb \u00e8 era vegnida stimada e tegnida da ses ultim directur ed ha g\u00ec sco consequenza ch&#8217;i vegniva realis\u00e0 enstagl da canyoning e da bowling projects d&#8217;art cuminaivels cun il persunal. Da quest temp tutgava Sullana al concern Rothman NL, per il qual ella produciva en pitschnas ediziuns las marcas da cigarettas da luxus Peter Stuyvesant, Dunhill, Cartier e Vogue \u2013 Sullana era mo pli il num da la fabrica, ils ultims pachets da cigarettas Sullana \u00e8n svanids dal commerzi ils onns 1970.<\/p>\n<p>Suenter la midada ha er Sullana scuvr\u00ec l&#8217;ost selvadi ed ha produc\u00ec curt temp suenter la marca Fjodor da tubacs russ da Suchum. En il fratemp eran las atgnas marcas, sco Palette, Effendi e Club svanidas dapi daditg da las curunas.<\/p>\n<p>&nbsp;<\/p>\n<p>Cura ch&#8217;il concern Rothman NL ha cumpr\u00e0 la Firma Burrus SA a Boncourt eri cler, ch&#8217;ils dis da la fabrica a Wetzikon eran quintads. Da quel temp na fimava daditg nagin pli cigarettas cun il num Sullana. La fabrica produciva enstagl las marcas da cigarettas da luxus dal concern Rothman. Perquai che sia spezialitad era da producir pitschnas ediziuns en moda spezialmain economica. Betg mo l&#8217;utilisaziun dal nov lieu da Sullana Wetzikon per pitschnas serias d&#8217;autras marcas aveva contribu\u00ec ch&#8217;il num Sullana era l&#8217;onn 1997, cura che la fabrica era vegnida serrada definitivamain, daditg istorgia.[\/vc_column_text][\/vc_column][vc_column width=&#8221;1\/3&#8243; mobile_column_order=&#8221;1&#8243;]<div class=\"eut-element eut-slider eut-layout-1 eut-gallery-popup\"  style=\" \">  <div class=\"eut-carousel-wrapper\"><div class=\"eut-carousel-navigation eut-dark eut-navigation-1 eut-navigation-default\">\t<div class=\"eut-carousel-buttons\">\t\t<div class=\"eut-carousel-prev\">\t\t\t<i class=\"eut-icon-nav-left-large\"><\/i>\t\t<\/div>\t\t<div class=\"eut-carousel-next\">\t\t\t<i class=\"eut-icon-nav-right-large\"><\/i>\t\t<\/div>\t<\/div><\/div><div class=\"eut-slider-element owl-carousel eut-theme\" data-slider-speed=\"6500\" data-slider-pause=\"yes\" data-slider-autoplay=\"no\" data-slider-loop=\"no\" data-slider-transition=\"fade\" data-slider-autoheight=\"no\" data-pagination-color=\"dark\" data-pagination=\"yes\"><div class=\"eut-slider-item eut-hover-item eut-hover-style-none\">  <figure class=\"eut-image-hover eut-zoom-none\"><div class=\"eut-media\"><div class=\"eut-thumbnail-wrapper\"  style=\"max-width: 752px;\"><div class=\"eut-thumbnail\"  style=\"padding-top: 136.17%;\"><img loading=\"lazy\" decoding=\"async\" width=\"752\" height=\"1024\" src=\"https:\/\/sullana-cigaretten.ch\/wp-content\/uploads\/2020\/08\/sullana-damals-752x1024.png\" class=\"attachment-large size-large\" alt=\"Sullana damals\" data-eutf-filter=\"yes\" srcset=\"https:\/\/sullana-cigaretten.ch\/wp-content\/uploads\/2020\/08\/sullana-damals-752x1024.png 752w, https:\/\/sullana-cigaretten.ch\/wp-content\/uploads\/2020\/08\/sullana-damals-600x817.png 600w, https:\/\/sullana-cigaretten.ch\/wp-content\/uploads\/2020\/08\/sullana-damals-220x300.png 220w, https:\/\/sullana-cigaretten.ch\/wp-content\/uploads\/2020\/08\/sullana-damals-768x1045.png 768w, https:\/\/sullana-cigaretten.ch\/wp-content\/uploads\/2020\/08\/sullana-damals.png 1125w\" sizes=\"auto, (max-width: 752px) 100vw, 752px\" \/><\/div><\/div><\/div>  <\/figure><\/div><div class=\"eut-slider-item eut-hover-item eut-hover-style-none\">  <figure class=\"eut-image-hover eut-zoom-none\"><div class=\"eut-media\"><div class=\"eut-thumbnail-wrapper\"  style=\"max-width: 563px;\"><div class=\"eut-thumbnail\"  style=\"padding-top: 138.544%;\"><img loading=\"lazy\" decoding=\"async\" width=\"563\" height=\"780\" src=\"https:\/\/sullana-cigaretten.ch\/wp-content\/uploads\/2020\/08\/sullana-damals-1.jpg\" class=\"attachment-large size-large\" alt=\"Sullana Zigaretten\" data-eutf-filter=\"yes\" srcset=\"https:\/\/sullana-cigaretten.ch\/wp-content\/uploads\/2020\/08\/sullana-damals-1.jpg 563w, https:\/\/sullana-cigaretten.ch\/wp-content\/uploads\/2020\/08\/sullana-damals-1-450x623.jpg 450w, https:\/\/sullana-cigaretten.ch\/wp-content\/uploads\/2020\/08\/sullana-damals-1-217x300.jpg 217w\" sizes=\"auto, (max-width: 563px) 100vw, 563px\" \/><\/div><\/div><\/div>  <\/figure><\/div><div class=\"eut-slider-item eut-hover-item eut-hover-style-none\">  <figure class=\"eut-image-hover eut-zoom-none\"><div class=\"eut-media\"><div class=\"eut-thumbnail-wrapper\"  style=\"max-width: 563px;\"><div class=\"eut-thumbnail\"  style=\"padding-top: 141.741%;\"><img loading=\"lazy\" decoding=\"async\" width=\"563\" height=\"798\" src=\"https:\/\/sullana-cigaretten.ch\/wp-content\/uploads\/2020\/06\/sullana-damals-4.jpg\" class=\"attachment-large size-large\" alt=\"Sullana Zigaretten\" data-eutf-filter=\"yes\" srcset=\"https:\/\/sullana-cigaretten.ch\/wp-content\/uploads\/2020\/06\/sullana-damals-4.jpg 563w, https:\/\/sullana-cigaretten.ch\/wp-content\/uploads\/2020\/06\/sullana-damals-4-450x638.jpg 450w, https:\/\/sullana-cigaretten.ch\/wp-content\/uploads\/2020\/06\/sullana-damals-4-212x300.jpg 212w\" sizes=\"auto, (max-width: 563px) 100vw, 563px\" \/><\/div><\/div><\/div>  <\/figure><\/div><div class=\"eut-slider-item eut-hover-item eut-hover-style-none\">  <figure class=\"eut-image-hover eut-zoom-none\"><div class=\"eut-media\"><div class=\"eut-thumbnail-wrapper\"  style=\"max-width: 564px;\"><div class=\"eut-thumbnail\"  style=\"padding-top: 141.844%;\"><img loading=\"lazy\" decoding=\"async\" width=\"564\" height=\"800\" src=\"https:\/\/sullana-cigaretten.ch\/wp-content\/uploads\/2020\/06\/sullana-damals-2.jpg\" class=\"attachment-large size-large\" alt=\"Sullana Zigaretten\" data-eutf-filter=\"yes\" srcset=\"https:\/\/sullana-cigaretten.ch\/wp-content\/uploads\/2020\/06\/sullana-damals-2.jpg 564w, https:\/\/sullana-cigaretten.ch\/wp-content\/uploads\/2020\/06\/sullana-damals-2-450x638.jpg 450w, https:\/\/sullana-cigaretten.ch\/wp-content\/uploads\/2020\/06\/sullana-damals-2-212x300.jpg 212w\" sizes=\"auto, (max-width: 564px) 100vw, 564px\" \/><\/div><\/div><\/div>  <\/figure><\/div><div class=\"eut-slider-item eut-hover-item eut-hover-style-none\">  <figure class=\"eut-image-hover eut-zoom-none\"><div class=\"eut-media\"><div class=\"eut-thumbnail-wrapper\"  style=\"max-width: 566px;\"><div class=\"eut-thumbnail\"  style=\"padding-top: 141.343%;\"><img loading=\"lazy\" decoding=\"async\" width=\"566\" height=\"800\" src=\"https:\/\/sullana-cigaretten.ch\/wp-content\/uploads\/2020\/06\/sullana-damals-3.jpg\" class=\"attachment-large size-large\" alt=\"Sullana Zigaretten\" data-eutf-filter=\"yes\" srcset=\"https:\/\/sullana-cigaretten.ch\/wp-content\/uploads\/2020\/06\/sullana-damals-3.jpg 566w, https:\/\/sullana-cigaretten.ch\/wp-content\/uploads\/2020\/06\/sullana-damals-3-450x636.jpg 450w, https:\/\/sullana-cigaretten.ch\/wp-content\/uploads\/2020\/06\/sullana-damals-3-212x300.jpg 212w\" sizes=\"auto, (max-width: 566px) 100vw, 566px\" \/><\/div><\/div><\/div>  <\/figure><\/div>\t<\/div>  <\/div><\/div>[\/vc_column][\/vc_row][vc_row][vc_column][\/vc_column][\/vc_row]<\/p>\n<\/div>","protected":false},"excerpt":{"rendered":"<p>[vc_row rc_bg_type=&#8221;color&#8221; rc_bg_color=&#8221;#fffdf4&#8243;][vc_column width=&#8221;2\/3&#8243; mobile_column_order=&#8221;2&#8243;][vc_column_text css=&#8221;.vc_custom_1604494470337{padding-top: 4px !important;padding-right: 4px !important;padding-bottom: 4px !important;padding-left: 4px !important;background-color: #cecece !important;border-radius: 2px !important;}&#8221;] Sullana tschertga regurdientschas As regurdais vus sezs da Sullana u avais vus enconusch\u00ec insatgi che ha fim\u00e0 Sullanas. \u2026 mammas e babs, tattas e tats, augs ed ondas che fimavan? Avais vus forsa sezs lavur\u00e0 en la [&hellip;]<\/p>\n","protected":false},"author":1,"featured_media":0,"parent":0,"menu_order":0,"comment_status":"closed","ping_status":"closed","template":"","meta":{"footnotes":""},"class_list":["post-5811","page","type-page","status-publish","hentry"],"_links":{"self":[{"href":"https:\/\/sullana-cigaretten.ch\/rum\/wp-json\/wp\/v2\/pages\/5811","targetHints":{"allow":["GET"]}}],"collection":[{"href":"https:\/\/sullana-cigaretten.ch\/rum\/wp-json\/wp\/v2\/pages"}],"about":[{"href":"https:\/\/sullana-cigaretten.ch\/rum\/wp-json\/wp\/v2\/types\/page"}],"author":[{"embeddable":true,"href":"https:\/\/sullana-cigaretten.ch\/rum\/wp-json\/wp\/v2\/users\/1"}],"replies":[{"embeddable":true,"href":"https:\/\/sullana-cigaretten.ch\/rum\/wp-json\/wp\/v2\/comments?post=5811"}],"version-history":[{"count":2,"href":"https:\/\/sullana-cigaretten.ch\/rum\/wp-json\/wp\/v2\/pages\/5811\/revisions"}],"predecessor-version":[{"id":5813,"href":"https:\/\/sullana-cigaretten.ch\/rum\/wp-json\/wp\/v2\/pages\/5811\/revisions\/5813"}],"wp:attachment":[{"href":"https:\/\/sullana-cigaretten.ch\/rum\/wp-json\/wp\/v2\/media?parent=5811"}],"curies":[{"name":"wp","href":"https:\/\/api.w.org\/{rel}","templated":true}]}}