{"id":5321,"date":"2024-07-09T17:44:51","date_gmt":"2024-07-09T17:44:51","guid":{"rendered":"https:\/\/sullana-cigaretten.ch\/sullana-allepoca\/"},"modified":"2024-07-09T17:44:52","modified_gmt":"2024-07-09T17:44:52","slug":"sullana-allepoca","status":"publish","type":"page","link":"https:\/\/sullana-cigaretten.ch\/it\/sullana-allepoca\/","title":{"rendered":"Sullana all&#8217;epoca"},"content":{"rendered":"<div class=\"wpb-content-wrapper\"><p>[vc_row rc_bg_type=&#8221;color&#8221; rc_bg_color=&#8221;#fffdf4&#8243;][vc_column width=&#8221;2\/3&#8243; mobile_column_order=&#8221;2&#8243;]<h1 class=\"eut-element eut-title eut-align-inherit eut-h3\" style=\"\"><span>SULLANA ALL&#8217;EPOCA<\/span><\/h1><div class=\"eut-empty-space eut-height-2x\" style=\"\"><\/div>[vc_column_text css=&#8221;.vc_custom_1604494470337{padding-top: 4px !important;padding-right: 4px !important;padding-bottom: 4px !important;padding-left: 4px !important;background-color: #cecece !important;border-radius: 2px !important;}&#8221;]<\/p>\n<p style=\"text-align: center;\"><strong>Sullana cerca souvenir<br \/>\n<\/strong><br \/>\n<em>Avete ricordi di Sullana o conoscevate qualcuno che fumava le Sullana?<br \/>\n <\/em><br \/>\n<em>Inviaci i vostri ricordi &#8211; siamo felici di ogni storia!<br \/>\n<\/em><em>Contatto: hallo@sullana-cigaretten.ch<\/em><br \/>\n<em>o per posta: Sullana GmbH, M\u00fcllerstrasse 34, 8004 Zurigo<\/em><\/p>\n<p>[\/vc_column_text]<div class=\"eut-empty-space eut-height-2x\" style=\"\"><\/div>[vc_column_text]Nel 1916 Feiwel &#8211; chiamato Philipp &#8211; Beer fond\u00f2 la sua fabbrica di sigarette presso la Badenerstrasse a Zurigo. All&#8217;epoca si chiamava ancora Fabbrica di sigarette &#8220;Union&#8221;. La sua gamma di prodotti era composta da nomi come Hera, P\u00e9ra, Apollon, Stamboul e Byzanz. Negli anni &#8217;20 la Fabbrica di sigarette Beer si trasfer\u00ec nella fabbrica ancora oggi situata sul Sihlquai di Zurigo. In quel periodo Sullana fu lanciata sul mercato come marchio di sigarette della fabbrica Beer ed era cos\u00ec popolare che &#8211; quando nel 1939 la Beer &amp; Cie. venne trasformata in una societ\u00e0 per azioni &#8211; nacque la Sullana A.G &#8211; che presi il nome del prodotto.  Negli anni &#8217;30 e &#8217;50 Sullana si vantava di essere la sigaretta da un franco pi\u00f9 venduta in Svizzera. La piccola fabbrica sul Sihlquai di Zurigo esportava in tutto il mondo, promettendo di avere le sigarette con tabacco orientale con il miglior gusto. Il tipo P\u00e9r\u00e9mochez, il cosiddetto tabacco orientale, \u00e8 anche la differenza di gusto decisiva della nuova miscela di tabacco Sullana.<\/p>\n<p>L&#8217;ultimo testimone dell&#8217;epoca, che intorno al 1950 entr\u00f2 come apprendista alla Sullana, ricorda un capo dalla personalit\u00e0 decisa, temuto dai dipendenti per i suoi capricci, ma ammirato per i suoi momenti di beneficenza improvvisi. Si dice che l&#8217;acquisto del primo carrello elevatore a forche azionato a mano da parte di suo figlio Daniel Beer sia stato accolto con l&#8217;esclamazione: &#8220;Ma qui non siamo alla Escher Wyss!&#8221; e gli ordini dovevano essere inviati per posta e non con il costoso telefono dell&#8217;epoca.<\/p>\n<p>Nel 1967 la SULLANA si trasfer\u00ec a Wetzikon e si guadagn\u00f2 la reputazione di fabbrica in cui le opere d&#8217;arte contemporanea decoravano le sue sale, guadagnando valore sopra le teste dei lavoratori.<\/p>\n<p>La cultura dell&#8217; &#8220;arte in fabbrica&#8221; fu mantenuta anche dall&#8217;ultimo direttore e port\u00f2 alla realizzazione di progetti artistici comuni con il personale. In quel periodo Sullana apparteneva al gruppo Rothmans dei Paesi Bassi, per il quale produceva in piccole quantit\u00e0 marchi di sigarette di lusso come Peter Stuyvesant, Dunhill, Cartier e Vogue &#8211; Sullana era solo il nome della fabbrica.<\/p>\n<p>Dopo la svolta, la SULLANA produsse per breve tempo il marchio Fjodor con tabacchi russi, mentre i suoi marchi di propriet\u00e0, come Palette, Effendi e Club, erano da tempo scomparsi dagli scaffali.<\/p>\n<p>Quando il gruppo Rothmans dei Paesi Bassi acquis\u00ec la societ\u00e0 Burrus SA a Boncourt, era chiaro che i giorni della fabbrica di Wetzikon erano contati. A quel tempo, nessuno fumava pi\u00f9 sigarette con il nome Sullana. La fabbrica produceva invece i marchi di sigarette di lusso del gruppo Rotmann. La sua specialit\u00e0 era la produzione economica di piccole serie. Non solo l&#8217;uso del nuovo sito di Sullana a Wetzikon per piccole serie di altre marche aveva contribuito al fatto che nel 1997, con la definitiva chiusura della fabbrica, il nome Sullana era gi\u00e0 storia.[\/vc_column_text][\/vc_column][vc_column width=&#8221;1\/3&#8243; mobile_column_order=&#8221;1&#8243;]<div class=\"eut-element eut-slider eut-layout-1 eut-gallery-popup\"  style=\" \">  <div class=\"eut-carousel-wrapper\"><div class=\"eut-carousel-navigation eut-dark eut-navigation-1 eut-navigation-default\">\t<div class=\"eut-carousel-buttons\">\t\t<div class=\"eut-carousel-prev\">\t\t\t<i class=\"eut-icon-nav-left-large\"><\/i>\t\t<\/div>\t\t<div class=\"eut-carousel-next\">\t\t\t<i class=\"eut-icon-nav-right-large\"><\/i>\t\t<\/div>\t<\/div><\/div><div class=\"eut-slider-element owl-carousel eut-theme\" data-slider-speed=\"6500\" data-slider-pause=\"yes\" data-slider-autoplay=\"no\" data-slider-loop=\"no\" data-slider-transition=\"fade\" data-slider-autoheight=\"no\" data-pagination-color=\"dark\" data-pagination=\"yes\"><div class=\"eut-slider-item eut-hover-item eut-hover-style-none\">  <figure class=\"eut-image-hover eut-zoom-none\"><div class=\"eut-media\"><div class=\"eut-thumbnail-wrapper\"  style=\"max-width: 752px;\"><div class=\"eut-thumbnail\"  style=\"padding-top: 136.17%;\"><img loading=\"lazy\" decoding=\"async\" width=\"752\" height=\"1024\" src=\"https:\/\/sullana-cigaretten.ch\/wp-content\/uploads\/2020\/08\/sullana-damals-752x1024.png\" class=\"attachment-large size-large\" alt=\"Sullana damals\" data-eutf-filter=\"yes\" srcset=\"https:\/\/sullana-cigaretten.ch\/wp-content\/uploads\/2020\/08\/sullana-damals-752x1024.png 752w, https:\/\/sullana-cigaretten.ch\/wp-content\/uploads\/2020\/08\/sullana-damals-600x817.png 600w, https:\/\/sullana-cigaretten.ch\/wp-content\/uploads\/2020\/08\/sullana-damals-220x300.png 220w, https:\/\/sullana-cigaretten.ch\/wp-content\/uploads\/2020\/08\/sullana-damals-768x1045.png 768w, https:\/\/sullana-cigaretten.ch\/wp-content\/uploads\/2020\/08\/sullana-damals.png 1125w\" sizes=\"auto, (max-width: 752px) 100vw, 752px\" \/><\/div><\/div><\/div>  <\/figure><\/div><div class=\"eut-slider-item eut-hover-item eut-hover-style-none\">  <figure class=\"eut-image-hover eut-zoom-none\"><div class=\"eut-media\"><div class=\"eut-thumbnail-wrapper\"  style=\"max-width: 563px;\"><div class=\"eut-thumbnail\"  style=\"padding-top: 138.544%;\"><img loading=\"lazy\" decoding=\"async\" width=\"563\" height=\"780\" src=\"https:\/\/sullana-cigaretten.ch\/wp-content\/uploads\/2020\/08\/sullana-damals-1.jpg\" class=\"attachment-large size-large\" alt=\"Sullana Zigaretten\" data-eutf-filter=\"yes\" srcset=\"https:\/\/sullana-cigaretten.ch\/wp-content\/uploads\/2020\/08\/sullana-damals-1.jpg 563w, https:\/\/sullana-cigaretten.ch\/wp-content\/uploads\/2020\/08\/sullana-damals-1-450x623.jpg 450w, https:\/\/sullana-cigaretten.ch\/wp-content\/uploads\/2020\/08\/sullana-damals-1-217x300.jpg 217w\" sizes=\"auto, (max-width: 563px) 100vw, 563px\" \/><\/div><\/div><\/div>  <\/figure><\/div><div class=\"eut-slider-item eut-hover-item eut-hover-style-none\">  <figure class=\"eut-image-hover eut-zoom-none\"><div class=\"eut-media\"><div class=\"eut-thumbnail-wrapper\"  style=\"max-width: 563px;\"><div class=\"eut-thumbnail\"  style=\"padding-top: 141.741%;\"><img loading=\"lazy\" decoding=\"async\" width=\"563\" height=\"798\" src=\"https:\/\/sullana-cigaretten.ch\/wp-content\/uploads\/2020\/06\/sullana-damals-4.jpg\" class=\"attachment-large size-large\" alt=\"Sullana Zigaretten\" data-eutf-filter=\"yes\" srcset=\"https:\/\/sullana-cigaretten.ch\/wp-content\/uploads\/2020\/06\/sullana-damals-4.jpg 563w, https:\/\/sullana-cigaretten.ch\/wp-content\/uploads\/2020\/06\/sullana-damals-4-450x638.jpg 450w, https:\/\/sullana-cigaretten.ch\/wp-content\/uploads\/2020\/06\/sullana-damals-4-212x300.jpg 212w\" sizes=\"auto, (max-width: 563px) 100vw, 563px\" \/><\/div><\/div><\/div>  <\/figure><\/div><div class=\"eut-slider-item eut-hover-item eut-hover-style-none\">  <figure class=\"eut-image-hover eut-zoom-none\"><div class=\"eut-media\"><div class=\"eut-thumbnail-wrapper\"  style=\"max-width: 564px;\"><div class=\"eut-thumbnail\"  style=\"padding-top: 141.844%;\"><img loading=\"lazy\" decoding=\"async\" width=\"564\" height=\"800\" src=\"https:\/\/sullana-cigaretten.ch\/wp-content\/uploads\/2020\/06\/sullana-damals-2.jpg\" class=\"attachment-large size-large\" alt=\"Sullana Zigaretten\" data-eutf-filter=\"yes\" srcset=\"https:\/\/sullana-cigaretten.ch\/wp-content\/uploads\/2020\/06\/sullana-damals-2.jpg 564w, https:\/\/sullana-cigaretten.ch\/wp-content\/uploads\/2020\/06\/sullana-damals-2-450x638.jpg 450w, https:\/\/sullana-cigaretten.ch\/wp-content\/uploads\/2020\/06\/sullana-damals-2-212x300.jpg 212w\" sizes=\"auto, (max-width: 564px) 100vw, 564px\" \/><\/div><\/div><\/div>  <\/figure><\/div><div class=\"eut-slider-item eut-hover-item eut-hover-style-none\">  <figure class=\"eut-image-hover eut-zoom-none\"><div class=\"eut-media\"><div class=\"eut-thumbnail-wrapper\"  style=\"max-width: 566px;\"><div class=\"eut-thumbnail\"  style=\"padding-top: 141.343%;\"><img loading=\"lazy\" decoding=\"async\" width=\"566\" height=\"800\" src=\"https:\/\/sullana-cigaretten.ch\/wp-content\/uploads\/2020\/06\/sullana-damals-3.jpg\" class=\"attachment-large size-large\" alt=\"Sullana Zigaretten\" data-eutf-filter=\"yes\" srcset=\"https:\/\/sullana-cigaretten.ch\/wp-content\/uploads\/2020\/06\/sullana-damals-3.jpg 566w, https:\/\/sullana-cigaretten.ch\/wp-content\/uploads\/2020\/06\/sullana-damals-3-450x636.jpg 450w, https:\/\/sullana-cigaretten.ch\/wp-content\/uploads\/2020\/06\/sullana-damals-3-212x300.jpg 212w\" sizes=\"auto, (max-width: 566px) 100vw, 566px\" \/><\/div><\/div><\/div>  <\/figure><\/div>\t<\/div>  <\/div><\/div>[\/vc_column][\/vc_row][vc_row][vc_column][\/vc_column][\/vc_row]<\/p>\n<\/div>","protected":false},"excerpt":{"rendered":"<p>[vc_row rc_bg_type=&#8221;color&#8221; rc_bg_color=&#8221;#fffdf4&#8243;][vc_column width=&#8221;2\/3&#8243; mobile_column_order=&#8221;2&#8243;][vc_column_text css=&#8221;.vc_custom_1604494470337{padding-top: 4px !important;padding-right: 4px !important;padding-bottom: 4px !important;padding-left: 4px !important;background-color: #cecece !important;border-radius: 2px !important;}&#8221;] Sullana cerca souvenir Avete ricordi di Sullana o conoscevate qualcuno che fumava le Sullana? Inviaci i vostri ricordi &#8211; siamo felici di ogni storia! Contatto: hallo@sullana-cigaretten.ch o per posta: Sullana GmbH, M\u00fcllerstrasse 34, 8004 Zurigo [\/vc_column_text][vc_column_text]Nel 1916 [&hellip;]<\/p>\n","protected":false},"author":1,"featured_media":0,"parent":0,"menu_order":0,"comment_status":"closed","ping_status":"closed","template":"","meta":{"footnotes":""},"class_list":["post-5321","page","type-page","status-publish","hentry"],"_links":{"self":[{"href":"https:\/\/sullana-cigaretten.ch\/it\/wp-json\/wp\/v2\/pages\/5321","targetHints":{"allow":["GET"]}}],"collection":[{"href":"https:\/\/sullana-cigaretten.ch\/it\/wp-json\/wp\/v2\/pages"}],"about":[{"href":"https:\/\/sullana-cigaretten.ch\/it\/wp-json\/wp\/v2\/types\/page"}],"author":[{"embeddable":true,"href":"https:\/\/sullana-cigaretten.ch\/it\/wp-json\/wp\/v2\/users\/1"}],"replies":[{"embeddable":true,"href":"https:\/\/sullana-cigaretten.ch\/it\/wp-json\/wp\/v2\/comments?post=5321"}],"version-history":[{"count":2,"href":"https:\/\/sullana-cigaretten.ch\/it\/wp-json\/wp\/v2\/pages\/5321\/revisions"}],"predecessor-version":[{"id":5323,"href":"https:\/\/sullana-cigaretten.ch\/it\/wp-json\/wp\/v2\/pages\/5321\/revisions\/5323"}],"wp:attachment":[{"href":"https:\/\/sullana-cigaretten.ch\/it\/wp-json\/wp\/v2\/media?parent=5321"}],"curies":[{"name":"wp","href":"https:\/\/api.w.org\/{rel}","templated":true}]}}