{"id":5613,"date":"2024-07-15T12:50:34","date_gmt":"2024-07-15T12:50:35","guid":{"rendered":"https:\/\/sullana-cigaretten.ch\/?post_type=product&#038;p=5613"},"modified":"2024-07-15T13:05:59","modified_gmt":"2024-07-15T13:05:59","slug":"pochon-de-powch-cognac-kopie","status":"publish","type":"product","link":"https:\/\/sullana-cigaretten.ch\/fr\/produkt\/pochon-de-powch-cognac-kopie\/","title":{"rendered":"pochon de tabac Sullana de powch, bois de santal"},"content":{"rendered":"","protected":false},"excerpt":{"rendered":"<p>Les pochons de tabac SULLANA sont fabriqu\u00e9s de retaille de peau, produite par des tapissier\/e\/s, bottiers etc..<br \/>\nLa jeune marque zurichoise <a href=\"https:\/\/www.powch.ch\" target=\"_blank\" rel=\"noopener\">powch<\/a> a con\u00e7u la blague \u00e0 tabac pour Sullana et l&#8217;a fabriqu\u00e9e \u00e0 la main \u00e0 Zurich.<\/p>\n<p>Le pochon est fourni d\u2019une lani\u00e8re de 40 cm en couleur correspondante et d\u2019une poche int\u00e9rieure pour papier \u00e0 cigarettes.<\/p>\n<p>Dimensions pochon: 10 x 16 cm env. pli\u00e9, 20 x 16 ouvert.<\/p>\n","protected":false},"featured_media":5592,"template":"","meta":[],"product_brand":[],"product_cat":[95],"product_tag":[96,97,69,88],"class_list":{"0":"post-5613","1":"product","2":"type-product","3":"status-publish","4":"has-post-thumbnail","6":"product_cat-pochon","7":"product_tag-pochon","8":"product_tag-powch-fr","9":"product_tag-sullana-fr","10":"product_tag-tabac-a-rouler","11":"product_shipping_class-expedition","13":"first","14":"instock","15":"taxable","16":"shipping-taxable","17":"purchasable","18":"product-type-simple"},"_links":{"self":[{"href":"https:\/\/sullana-cigaretten.ch\/fr\/wp-json\/wp\/v2\/product\/5613","targetHints":{"allow":["GET"]}}],"collection":[{"href":"https:\/\/sullana-cigaretten.ch\/fr\/wp-json\/wp\/v2\/product"}],"about":[{"href":"https:\/\/sullana-cigaretten.ch\/fr\/wp-json\/wp\/v2\/types\/product"}],"wp:featuredmedia":[{"embeddable":true,"href":"https:\/\/sullana-cigaretten.ch\/fr\/wp-json\/wp\/v2\/media\/5592"}],"wp:attachment":[{"href":"https:\/\/sullana-cigaretten.ch\/fr\/wp-json\/wp\/v2\/media?parent=5613"}],"wp:term":[{"taxonomy":"product_brand","embeddable":true,"href":"https:\/\/sullana-cigaretten.ch\/fr\/wp-json\/wp\/v2\/product_brand?post=5613"},{"taxonomy":"product_cat","embeddable":true,"href":"https:\/\/sullana-cigaretten.ch\/fr\/wp-json\/wp\/v2\/product_cat?post=5613"},{"taxonomy":"product_tag","embeddable":true,"href":"https:\/\/sullana-cigaretten.ch\/fr\/wp-json\/wp\/v2\/product_tag?post=5613"}],"curies":[{"name":"wp","href":"https:\/\/api.w.org\/{rel}","templated":true}]}}