{"id":5504,"date":"2024-07-15T06:00:55","date_gmt":"2024-07-15T07:33:55","guid":{"rendered":"https:\/\/sullana-cigaretten.ch\/?post_type=product&#038;p=5504"},"modified":"2026-01-28T08:29:47","modified_gmt":"2026-01-28T08:29:47","slug":"sullana-tabac-a-rouler-lilas-250g","status":"publish","type":"product","link":"https:\/\/sullana-cigaretten.ch\/fr\/produkt\/sullana-tabac-a-rouler-lilas-250g\/","title":{"rendered":"Sullana tabac \u00e0 rouler lilas 250g"},"content":{"rendered":"<p>Le tabac \u00e0 rouler Sullana &#8211; Lilas est le seul m\u00e9lange Sullana qui ne contient pas de tabac P\u00e9r\u00e9mochez caracteristique.<br \/>\nLe m\u00e9lange \u00e9quilibr\u00e9 Burley &#8211; Virgina se situe entre le tabac \u00e0 rouler standard (jaune) et le tabac \u00e0 rouler doux (blanc).<br \/>\nDans un m\u00e9lange exclusif, la fabrique de tabac Roth de Beinwil am See (AG) produit le tabac \u00e0 rouler Sullana Lilas pour Sullana.<br \/>\nComme tous les produits Sullana, le tabac \u00e0 rouler Sullana Lilas est compos\u00e9 \u00e0 100% de tabac cultiv\u00e9 localement en Suisse et ne contient pas d\u2019additifs ou parfums.<\/p>\n","protected":false},"excerpt":{"rendered":"<p>sac \u00e0 250g tabac<br \/>\ntabac cultiv\u00e9 en Suisse \u2013 emball\u00e9 \u00e0 la main \u2014 sans additifs<\/p>\n","protected":false},"featured_media":4478,"template":"","meta":[],"product_brand":[],"product_cat":[87],"product_tag":[69,88],"class_list":{"0":"post-5504","1":"product","2":"type-product","3":"status-publish","4":"has-post-thumbnail","6":"product_cat-tabac-a-rouler","7":"product_tag-sullana-fr","8":"product_tag-tabac-a-rouler","9":"product_shipping_class-expedition","11":"first","12":"instock","13":"taxable","14":"shipping-taxable","15":"purchasable","16":"product-type-simple"},"_links":{"self":[{"href":"https:\/\/sullana-cigaretten.ch\/fr\/wp-json\/wp\/v2\/product\/5504","targetHints":{"allow":["GET"]}}],"collection":[{"href":"https:\/\/sullana-cigaretten.ch\/fr\/wp-json\/wp\/v2\/product"}],"about":[{"href":"https:\/\/sullana-cigaretten.ch\/fr\/wp-json\/wp\/v2\/types\/product"}],"wp:featuredmedia":[{"embeddable":true,"href":"https:\/\/sullana-cigaretten.ch\/fr\/wp-json\/wp\/v2\/media\/4478"}],"wp:attachment":[{"href":"https:\/\/sullana-cigaretten.ch\/fr\/wp-json\/wp\/v2\/media?parent=5504"}],"wp:term":[{"taxonomy":"product_brand","embeddable":true,"href":"https:\/\/sullana-cigaretten.ch\/fr\/wp-json\/wp\/v2\/product_brand?post=5504"},{"taxonomy":"product_cat","embeddable":true,"href":"https:\/\/sullana-cigaretten.ch\/fr\/wp-json\/wp\/v2\/product_cat?post=5504"},{"taxonomy":"product_tag","embeddable":true,"href":"https:\/\/sullana-cigaretten.ch\/fr\/wp-json\/wp\/v2\/product_tag?post=5504"}],"curies":[{"name":"wp","href":"https:\/\/api.w.org\/{rel}","templated":true}]}}