{"id":3528,"date":"2021-11-16T12:34:40","date_gmt":"2021-11-16T12:39:00","guid":{"rendered":"https:\/\/sullana-cigaretten.ch\/shop\/pochon-de-powch-cognac\/"},"modified":"2021-11-16T12:39:03","modified_gmt":"2021-11-16T12:39:03","slug":"pochon-de-powch-cognac","status":"publish","type":"product","link":"https:\/\/sullana-cigaretten.ch\/fr\/produkt\/pochon-de-powch-cognac\/","title":{"rendered":"pochon de powch, cognac"},"content":{"rendered":"","protected":false},"excerpt":{"rendered":"<p>Les pochons de tabac SULLANA sont fabriqu\u00e9s de retaille de peau, produite par des tapissier\/e\/s, bottiers etc..<br \/>\nFabio Kunz, t\u00eate pensante derri\u00e8re <a href=\"https:\/\/www.powch.ch\/home\">powch<\/a> fabrique le pochon SULLANA \u00e0 la main \u00e0 Altstetten pr\u00e8s Z\u00fcrich.<\/p>\n<p>Le pochon est fourni d\u2019une lani\u00e8re de 40 cm en couleur correspondante et d\u2019une poche int\u00e9rieure pour papier \u00e0 cigarettes.<\/p>\n<p>Dimensions pochon: 10 x 16 cm env. pli\u00e9, 20 x 16 ouvert.<\/p>\n","protected":false},"featured_media":5571,"template":"","meta":[],"product_brand":[],"product_cat":[95],"product_tag":[96,97,69,88],"class_list":{"0":"post-3528","1":"product","2":"type-product","3":"status-publish","4":"has-post-thumbnail","6":"product_cat-pochon","7":"product_tag-pochon","8":"product_tag-powch-fr","9":"product_tag-sullana-fr","10":"product_tag-tabac-a-rouler","11":"product_shipping_class-expedition","13":"first","14":"instock","15":"taxable","16":"shipping-taxable","17":"purchasable","18":"product-type-simple"},"_links":{"self":[{"href":"https:\/\/sullana-cigaretten.ch\/fr\/wp-json\/wp\/v2\/product\/3528","targetHints":{"allow":["GET"]}}],"collection":[{"href":"https:\/\/sullana-cigaretten.ch\/fr\/wp-json\/wp\/v2\/product"}],"about":[{"href":"https:\/\/sullana-cigaretten.ch\/fr\/wp-json\/wp\/v2\/types\/product"}],"wp:featuredmedia":[{"embeddable":true,"href":"https:\/\/sullana-cigaretten.ch\/fr\/wp-json\/wp\/v2\/media\/5571"}],"wp:attachment":[{"href":"https:\/\/sullana-cigaretten.ch\/fr\/wp-json\/wp\/v2\/media?parent=3528"}],"wp:term":[{"taxonomy":"product_brand","embeddable":true,"href":"https:\/\/sullana-cigaretten.ch\/fr\/wp-json\/wp\/v2\/product_brand?post=3528"},{"taxonomy":"product_cat","embeddable":true,"href":"https:\/\/sullana-cigaretten.ch\/fr\/wp-json\/wp\/v2\/product_cat?post=3528"},{"taxonomy":"product_tag","embeddable":true,"href":"https:\/\/sullana-cigaretten.ch\/fr\/wp-json\/wp\/v2\/product_tag?post=3528"}],"curies":[{"name":"wp","href":"https:\/\/api.w.org\/{rel}","templated":true}]}}