{"id":2355,"date":"2021-01-20T15:21:37","date_gmt":"2021-01-20T15:21:37","guid":{"rendered":"https:\/\/sullana-cigaretten.ch\/sullana-dantan\/"},"modified":"2021-01-21T17:19:14","modified_gmt":"2021-01-21T17:19:14","slug":"sullana-dantan","status":"publish","type":"page","link":"https:\/\/sullana-cigaretten.ch\/fr\/sullana-dantan\/","title":{"rendered":"SULLANA D\u2019ANTAN"},"content":{"rendered":"<div class=\"wpb-content-wrapper\"><p>[vc_row rc_bg_type=&#8221;color&#8221; rc_bg_color=&#8221;#fffdf4&#8243;][vc_column width=&#8221;2\/3&#8243; mobile_column_order=&#8221;2&#8243;]<h1 class=\"eut-element eut-title eut-align-inherit eut-h3\" style=\"\"><span>SULLANA D&#8217;ANTAN<\/span><\/h1><div class=\"eut-empty-space eut-height-2x\" style=\"\"><\/div>[vc_column_text css=&#8221;.vc_custom_1604494470337{padding-top: 4px !important;padding-right: 4px !important;padding-bottom: 4px !important;padding-left: 4px !important;background-color: #cecece !important;border-radius: 2px !important;}&#8221;]<\/p>\n<p style=\"text-align: center;\"><strong>Sullana s&#8217;int\u00e9resse \u00e0 vos souvenirs<br \/>\n<\/strong><br \/>\n<em>Vous rappelez-vous de l&#8217;usine Sullana ou connaissiez vous quelqu&#8217;un*e qui fumait les Sullana?<br \/>\n&#8230;des m\u00e8res ou p\u00e8res, grand-parents, oncles ou tantes aux cloubes Sullana dans la bouche? Serait-il m\u00eame, que vous travailliez \u00e0 l&#8217;\u00e9poque vous-m\u00eames dans l&#8217;usine?<\/em><br \/>\n<em>Faites nous parvenir votre histoire, s&#8217;il vous pla\u00eet, nous nous r\u00e9jouissons de chaque souvenir!<br \/>\n<\/em><em>contact: hallo@sullana-cigaretten.ch<\/em><br \/>\n<em>ou par poste: Sullana GmbH, M\u00fcllerstrasse 34, 8004 Z\u00fcrich<\/em><\/p>\n<p>[\/vc_column_text]<div class=\"eut-empty-space eut-height-2x\" style=\"\"><\/div>[vc_column_text]En 1916 La Fabrique de Cigarettes \u00abUnion\u00bb fut fond\u00e9e par Feiwel, dit: Philipp, BEER \u00e0 Zurich. A l\u2019\u00e9poque l\u2019usine se trouve encore \u00e0 la Badenerstrasse. Sa gamme de produits se composait de noms si \u00e9loign\u00e9s tel que Hera, Pera, Cairo, Sechmet et Byzanz. Dans les ann\u00e9es 20 Beer d\u00e9m\u00e9nageait son \u00e9tablissement dans le b\u00e2timent qui existe jusqu\u2019\u00e0 nos jours au quai de la rivi\u00e8re Sihl. Aux alentours de 1930 la sorte Sullana est commercialis\u00e9e et tellement populaire, que lors du changement du statut judiciaire vers une soci\u00e9t\u00e9 anonyme la Sullana S.A. na\u00eetra depuis la Beer &#038; Cie en 1939.<\/p>\n<p>Dans les ann\u00e9es 30 jusqu\u2019\u00e0 50 Sullana fut vant\u00e9e comme paquet de cigarettes \u00e0 1 franc la plus populaire de toute la Suisse. La petite Fabrique au quai du Sihl exportait ses produits sur un march\u00e9 mondial. A l\u2019\u00e9poque c\u2019\u00e9tait les cigarettes orientales, qui garantissaient le meilleur go\u00fbt. La sorte de tabac P\u00e9r\u00e9mochez, le si-nomm\u00e9 tabac oriental, constitue \u00e9galement la diff\u00e9rence caract\u00e9ristique de la saveur du m\u00e9lange de la nouvelle Sullana.<\/p>\n<p>Le dernier t\u00e9moin, qui entra dans l\u2019usine comme apprenti en 1950 se rappelait \u00e0 un caract\u00e8re de patron qui \u00e9tait aussi redout\u00e9 chez ses employ\u00e9*es tel qu\u2019il savait \u00e9merveiller par des moments de g\u00e9n\u00e9rosit\u00e9 spontan\u00e9e. Selon la l\u00e9gende, l\u2019achat d\u2019un charriot \u00e0 manipuler \u00e0 main par son fils Daniel fut r\u00e9pondu du p\u00e8re par l\u2019exclamation : \u00ab Mais enfin ! Nous ne sommes pas Escher Wyss !\u00bb. Et les commandes de mat\u00e9riel ne se faisaient que par carte postale et surtout pas par t\u00e9l\u00e9phone bien trop cher \u00e0 l\u2019\u00e9poque !<\/p>\n<p>En 1967 l\u2019usine d\u00e9m\u00e9nageait ses machines vers Wetzikon (ZH) o\u00f9 elle devenait r\u00e9put\u00e9e comme entreprise dans les halles de laquelle des tableaux de jeune*s artiste*s grimpaient dans leur valeur dessus des t\u00eates des employ\u00e9*es.<\/p>\n<p>La culture de l\u2019art dans l\u2019usine fut \u00e9galement poursuite par le dernier directeur d\u2019entreprise et menait au r\u00e9sultat, que les employ\u00e9*es r\u00e9alisaient des projets d\u2019art communs au lieu de se lancer dans les ruisseaux sous le pr\u00e9texte de faire du Canyoning ou des divertissements tels que Bowling. Depuis 1963 d\u00e9j\u00e0 la Sullana S.A. \u00e9tait int\u00e9gr\u00e9 dans le groupe Rothmanns, pour lequel elle fabriquait les \u00abpetites\u00bb charges de marques de cigarettes de luxe tel que Peter Stuyvesant, Dunhill, Cartier et Vogue. Sullana \u2013 ce n\u2019\u00e9tait que le nom de l\u2019usine \u00e0 cette \u00e9poque. Apr\u00e8s le tournant en 1990 Sullana produisait des cigarettes de tabacs russes de la marque Fjodor pour un court temps, tandis que les anciens noms \u00e0 Sullana, tel que Palette, Blacky, Effendi et Club, avaient disparus depuis longtemps.<\/p>\n<p>Lors du rachat de l\u2019entreprise Burrus S.A. \u00e0 Boncourt par le groupe Rothmanns NL, il devenait pr\u00e9visible que les jours de l\u2019usine \u00e0 Wetzikon furent compt\u00e9s. A ce temps-l\u00e0 plus personne ne fumait encore des cigarettes Sullana, elles \u00e9taient disparues des rayonnages depuis des d\u00e9cennies. L\u2019usine fabriquait les petites charges de cigarettes de luxe du groupe Rothmanns NL. Sullana \u00e9tait sp\u00e9cialis\u00e9e sur la production de petites charges sans grand rejet. Notamment cette mise en service avait contribu\u00e9 que le nom Sullana \u00e9tait partie dans les annales de l\u2019histoire depuis longtemps.[\/vc_column_text][\/vc_column][vc_column width=&#8221;1\/3&#8243; mobile_column_order=&#8221;1&#8243;]<div class=\"eut-element eut-slider eut-layout-1 eut-gallery-popup\"  style=\" \">  <div class=\"eut-carousel-wrapper\"><div class=\"eut-carousel-navigation eut-dark eut-navigation-1 eut-navigation-default\">\t<div class=\"eut-carousel-buttons\">\t\t<div class=\"eut-carousel-prev\">\t\t\t<i class=\"eut-icon-nav-left-large\"><\/i>\t\t<\/div>\t\t<div class=\"eut-carousel-next\">\t\t\t<i class=\"eut-icon-nav-right-large\"><\/i>\t\t<\/div>\t<\/div><\/div><div class=\"eut-slider-element owl-carousel eut-theme\" data-slider-speed=\"6500\" data-slider-pause=\"yes\" data-slider-autoplay=\"no\" data-slider-loop=\"no\" data-slider-transition=\"fade\" data-slider-autoheight=\"no\" data-pagination-color=\"dark\" data-pagination=\"yes\"><div class=\"eut-slider-item eut-hover-item eut-hover-style-none\">  <figure class=\"eut-image-hover eut-zoom-none\"><div class=\"eut-media\"><div class=\"eut-thumbnail-wrapper\"  style=\"max-width: 752px;\"><div class=\"eut-thumbnail\"  style=\"padding-top: 136.17%;\"><img loading=\"lazy\" decoding=\"async\" width=\"752\" height=\"1024\" src=\"https:\/\/sullana-cigaretten.ch\/wp-content\/uploads\/2020\/08\/sullana-damals-752x1024.png\" class=\"attachment-large size-large\" alt=\"Sullana d&#039;antan\" data-eutf-filter=\"yes\" srcset=\"https:\/\/sullana-cigaretten.ch\/wp-content\/uploads\/2020\/08\/sullana-damals-752x1024.png 752w, https:\/\/sullana-cigaretten.ch\/wp-content\/uploads\/2020\/08\/sullana-damals-600x817.png 600w, https:\/\/sullana-cigaretten.ch\/wp-content\/uploads\/2020\/08\/sullana-damals-220x300.png 220w, https:\/\/sullana-cigaretten.ch\/wp-content\/uploads\/2020\/08\/sullana-damals-768x1045.png 768w, https:\/\/sullana-cigaretten.ch\/wp-content\/uploads\/2020\/08\/sullana-damals.png 1125w\" sizes=\"auto, (max-width: 752px) 100vw, 752px\" \/><\/div><\/div><\/div>  <\/figure><\/div><div class=\"eut-slider-item eut-hover-item eut-hover-style-none\">  <figure class=\"eut-image-hover eut-zoom-none\"><div class=\"eut-media\"><div class=\"eut-thumbnail-wrapper\"  style=\"max-width: 563px;\"><div class=\"eut-thumbnail\"  style=\"padding-top: 138.544%;\"><img loading=\"lazy\" decoding=\"async\" width=\"563\" height=\"780\" src=\"https:\/\/sullana-cigaretten.ch\/wp-content\/uploads\/2020\/08\/sullana-damals-1.jpg\" class=\"attachment-large size-large\" alt=\"Cigarettes sullana\" data-eutf-filter=\"yes\" srcset=\"https:\/\/sullana-cigaretten.ch\/wp-content\/uploads\/2020\/08\/sullana-damals-1.jpg 563w, https:\/\/sullana-cigaretten.ch\/wp-content\/uploads\/2020\/08\/sullana-damals-1-450x623.jpg 450w, https:\/\/sullana-cigaretten.ch\/wp-content\/uploads\/2020\/08\/sullana-damals-1-217x300.jpg 217w\" sizes=\"auto, (max-width: 563px) 100vw, 563px\" \/><\/div><\/div><\/div>  <\/figure><\/div><div class=\"eut-slider-item eut-hover-item eut-hover-style-none\">  <figure class=\"eut-image-hover eut-zoom-none\"><div class=\"eut-media\"><div class=\"eut-thumbnail-wrapper\"  style=\"max-width: 563px;\"><div class=\"eut-thumbnail\"  style=\"padding-top: 141.741%;\"><img loading=\"lazy\" decoding=\"async\" width=\"563\" height=\"798\" src=\"https:\/\/sullana-cigaretten.ch\/wp-content\/uploads\/2020\/06\/sullana-damals-4.jpg\" class=\"attachment-large size-large\" alt=\"Cigarettes Sullana\" data-eutf-filter=\"yes\" srcset=\"https:\/\/sullana-cigaretten.ch\/wp-content\/uploads\/2020\/06\/sullana-damals-4.jpg 563w, https:\/\/sullana-cigaretten.ch\/wp-content\/uploads\/2020\/06\/sullana-damals-4-450x638.jpg 450w, https:\/\/sullana-cigaretten.ch\/wp-content\/uploads\/2020\/06\/sullana-damals-4-212x300.jpg 212w\" sizes=\"auto, (max-width: 563px) 100vw, 563px\" \/><\/div><\/div><\/div>  <\/figure><\/div><div class=\"eut-slider-item eut-hover-item eut-hover-style-none\">  <figure class=\"eut-image-hover eut-zoom-none\"><div class=\"eut-media\"><div class=\"eut-thumbnail-wrapper\"  style=\"max-width: 564px;\"><div class=\"eut-thumbnail\"  style=\"padding-top: 141.844%;\"><img loading=\"lazy\" decoding=\"async\" width=\"564\" height=\"800\" src=\"https:\/\/sullana-cigaretten.ch\/wp-content\/uploads\/2020\/06\/sullana-damals-2.jpg\" class=\"attachment-large size-large\" alt=\"Cigarettes Sullana\" data-eutf-filter=\"yes\" srcset=\"https:\/\/sullana-cigaretten.ch\/wp-content\/uploads\/2020\/06\/sullana-damals-2.jpg 564w, https:\/\/sullana-cigaretten.ch\/wp-content\/uploads\/2020\/06\/sullana-damals-2-450x638.jpg 450w, https:\/\/sullana-cigaretten.ch\/wp-content\/uploads\/2020\/06\/sullana-damals-2-212x300.jpg 212w\" sizes=\"auto, (max-width: 564px) 100vw, 564px\" \/><\/div><\/div><\/div>  <\/figure><\/div><div class=\"eut-slider-item eut-hover-item eut-hover-style-none\">  <figure class=\"eut-image-hover eut-zoom-none\"><div class=\"eut-media\"><div class=\"eut-thumbnail-wrapper\"  style=\"max-width: 566px;\"><div class=\"eut-thumbnail\"  style=\"padding-top: 141.343%;\"><img loading=\"lazy\" decoding=\"async\" width=\"566\" height=\"800\" src=\"https:\/\/sullana-cigaretten.ch\/wp-content\/uploads\/2020\/06\/sullana-damals-3.jpg\" class=\"attachment-large size-large\" alt=\"Cigarettes Sullana\" data-eutf-filter=\"yes\" srcset=\"https:\/\/sullana-cigaretten.ch\/wp-content\/uploads\/2020\/06\/sullana-damals-3.jpg 566w, https:\/\/sullana-cigaretten.ch\/wp-content\/uploads\/2020\/06\/sullana-damals-3-450x636.jpg 450w, https:\/\/sullana-cigaretten.ch\/wp-content\/uploads\/2020\/06\/sullana-damals-3-212x300.jpg 212w\" sizes=\"auto, (max-width: 566px) 100vw, 566px\" \/><\/div><\/div><\/div>  <\/figure><\/div>\t<\/div>  <\/div><\/div>[\/vc_column][\/vc_row][vc_row][vc_column][\/vc_column][\/vc_row]<\/p>\n<\/div>","protected":false},"excerpt":{"rendered":"<p>[vc_row rc_bg_type=&#8221;color&#8221; rc_bg_color=&#8221;#fffdf4&#8243;][vc_column width=&#8221;2\/3&#8243; mobile_column_order=&#8221;2&#8243;][vc_column_text css=&#8221;.vc_custom_1604494470337{padding-top: 4px !important;padding-right: 4px !important;padding-bottom: 4px !important;padding-left: 4px !important;background-color: #cecece !important;border-radius: 2px !important;}&#8221;] Sullana s&#8217;int\u00e9resse \u00e0 vos souvenirs Vous rappelez-vous de l&#8217;usine Sullana ou connaissiez vous quelqu&#8217;un*e qui fumait les Sullana? &#8230;des m\u00e8res ou p\u00e8res, grand-parents, oncles ou tantes aux cloubes Sullana dans la bouche? Serait-il m\u00eame, que vous travailliez [&hellip;]<\/p>\n","protected":false},"author":1,"featured_media":0,"parent":0,"menu_order":0,"comment_status":"closed","ping_status":"closed","template":"","meta":{"footnotes":""},"class_list":["post-2355","page","type-page","status-publish","hentry"],"_links":{"self":[{"href":"https:\/\/sullana-cigaretten.ch\/fr\/wp-json\/wp\/v2\/pages\/2355","targetHints":{"allow":["GET"]}}],"collection":[{"href":"https:\/\/sullana-cigaretten.ch\/fr\/wp-json\/wp\/v2\/pages"}],"about":[{"href":"https:\/\/sullana-cigaretten.ch\/fr\/wp-json\/wp\/v2\/types\/page"}],"author":[{"embeddable":true,"href":"https:\/\/sullana-cigaretten.ch\/fr\/wp-json\/wp\/v2\/users\/1"}],"replies":[{"embeddable":true,"href":"https:\/\/sullana-cigaretten.ch\/fr\/wp-json\/wp\/v2\/comments?post=2355"}],"version-history":[{"count":0,"href":"https:\/\/sullana-cigaretten.ch\/fr\/wp-json\/wp\/v2\/pages\/2355\/revisions"}],"wp:attachment":[{"href":"https:\/\/sullana-cigaretten.ch\/fr\/wp-json\/wp\/v2\/media?parent=2355"}],"curies":[{"name":"wp","href":"https:\/\/api.w.org\/{rel}","templated":true}]}}